{"id":50,"date":"2022-04-11T11:07:03","date_gmt":"2022-04-11T09:07:03","guid":{"rendered":"https:\/\/meet-ukraine.de\/?page_id=50"},"modified":"2022-05-01T20:21:50","modified_gmt":"2022-05-01T18:21:50","slug":"ueber-meet-ukraine-de","status":"publish","type":"page","link":"https:\/\/meet-ukraine.de\/?page_id=50","title":{"rendered":"\u00dcber | \u043f\u0440\u043e  meet-ukraine.de"},"content":{"rendered":"\n<p class=\"is-style-no-margin\"><\/p>\n<style scoped>.is-style-no-margin {margin:0 !important;}<\/style>\n\n\n<p >Wer ist | \u0445\u0442\u043e \u0442\u0430\u043a\u0456 meet-ukraine.de?\n<details><summary >Deutsch<\/summary><p> Wir sind eine Gruppe von Lehrkr\u00e4ften, die sich f\u00fcr die Gestaltung und Umsetzung digitaler Bildungsm\u00f6glichkeiten einsetzt.<\/p><\/details><\/p>\n<details><summary >\u0443\u043a\u0440\u0430\u0457\u043d\u0441\u044c\u043a\u0438\u0439<\/summary><p>\u041c\u0438 &#8211; \u0433\u0440\u0443\u043f\u0430 \u0432\u0447\u0438\u0442\u0435\u043b\u0456\u0432, \u043a\u043e\u0442\u0440\u0430 \u0456\u043d\u0456\u0446\u0456\u044e\u0454 \u043e\u0444\u043e\u0440\u043c\u043b\u0435\u043d\u043d\u044f \u0442\u0430 \u0432\u043f\u0440\u043e\u0432\u0430\u0434\u0436\u0435\u043d\u043d\u044f \u043c\u043e\u0436\u043b\u0438\u0432\u043e\u0441\u0442\u0435\u0439 \u0432\u0456\u0440\u0442\u0443\u0430\u043b\u044c\u043d\u043e\u0433\u043e \u043d\u0430\u0432\u0447\u0430\u043d\u043d\u044f<\/p><\/details><\/p>\n\n\n\n<p><\/p>\n\n\n\n<p >Wer ist | \u0445\u0442\u043e \u0442\u0430\u043a\u0456 auctores?\n\n<details><summary>Deutsch<\/summary>\nWir entwickeln marktorientierte, medien\u00fcbergreifende Kommunikations- und Software-Strategien. Damit liefern wir L\u00f6sungen aus einer Hand f\u00fcr die Herausforderungen des modernen Gesch\u00e4ftslebens. Unser Leistungsspektrum reicht von Marken- und Leitbildentwicklung \u00fcber crossmediale Kommunikationskonzepte f\u00fcr den B2B- und den Endkundenbereich und vertikales Marketing bis zum Aufbau und der Optimierung von Vertriebsstrukturen. <br>Wir besch\u00e4ftigen uns mit den aktuellen Anforderungen ebenso intensiv wie mit den Hintergr\u00fcnden von Kunden und Branchen. Dabei kommt uns unsere Marktkenntnis zugute, gegr\u00fcndet auf mehreren Jahrzehnten personeller und technischer Erfahrung im E-Business.<br><br>Neumarkt:<br>Dammstra\u00dfe 5<br>92318 Neumarkt<br>Telefon:&nbsp;<a href=\"tel:+49918151980\">+49 9181 5198-0<\/a><br>E-Mail:&nbsp;<a href=\"mailto:info@auctores.de\">info@auctores.de<\/a> <\/details><\/p>\n<details><summary >\u0443\u043a\u0440\u0430\u0457\u043d\u0441\u044c\u043a\u0438\u0439<\/summary><p>&#8230;<\/p><\/details>\n\n\n\n<p><\/p>\n\n\n\n<div class=\"wp-block-buttons is-content-justification-left is-layout-flex wp-container-core-buttons-is-layout-fc4fd283 wp-block-buttons-is-layout-flex\">\n<div class=\"wp-block-button is-style-cubebtnwhite\"><a class=\"wp-block-button__link has-text-color has-background\" href=\"https:\/\/auctores.de\/\" style=\"background-color:#fde660;color:#0058c3\">https:\/\/auctores.de\/<\/a><\/div>\n<style scoped>.is-style-cubebtnwhite .wp-block-button__link{border:none !important; box-shadow: 0px 2px 4px rgb(45 35 66 \/ 10%), 0px 7px 13px -3px rgb(45 35 66 \/ 30%), inset 0px -3px 0px #d6d6e7}.is-style-cubebtnwhite .wp-block-button__link:hover{transform: translateY(-2px);}.is-style-cubebtnwhite .wp-block-button__link:active{transform: translateY(2px);box-shadow: 0px 2px 2px rgb(45 35 66 \/ 15%)}<\/style><\/div>\n\n\n\n<div class=\"wp-block-group alignwide is-layout-constrained wp-block-group-is-layout-constrained\" style=\"font-size:18px\"><\/div>\n\n\n\n<p><\/p>\n","protected":false},"excerpt":{"rendered":"<p>Wer ist | \u0445\u0442\u043e \u0442\u0430\u043a\u0456 meet-ukraine.de? Deutsch Wir sind eine Gruppe von Lehrkr\u00e4ften, die sich f\u00fcr die Gestaltung und Umsetzung digitaler Bildungsm\u00f6glichkeiten einsetzt. \u0443\u043a\u0440\u0430\u0457\u043d\u0441\u044c\u043a\u0438\u0439 \u041c\u0438 &#8211; \u0433\u0440\u0443\u043f\u0430 \u0432\u0447\u0438\u0442\u0435\u043b\u0456\u0432, \u043a\u043e\u0442\u0440\u0430 \u0456\u043d\u0456\u0446\u0456\u044e\u0454 \u043e\u0444\u043e\u0440\u043c\u043b\u0435\u043d\u043d\u044f \u0442\u0430 \u0432\u043f\u0440\u043e\u0432\u0430\u0434\u0436\u0435\u043d\u043d\u044f \u043c\u043e\u0436\u043b\u0438\u0432\u043e\u0441\u0442\u0435\u0439 \u0432\u0456\u0440\u0442\u0443\u0430\u043b\u044c\u043d\u043e\u0433\u043e \u043d\u0430\u0432\u0447\u0430\u043d\u043d\u044f Wer ist | \u0445\u0442\u043e \u0442\u0430\u043a\u0456 auctores? Deutsch Wir entwickeln marktorientierte, medien\u00fcbergreifende Kommunikations- und Software-Strategien. Damit liefern wir L\u00f6sungen aus [&hellip;]<\/p>\n","protected":false},"author":4,"featured_media":0,"parent":0,"menu_order":0,"comment_status":"closed","ping_status":"closed","template":"","meta":{"footnotes":""},"class_list":["post-50","page","type-page","status-publish","hentry"],"_links":{"self":[{"href":"https:\/\/meet-ukraine.de\/index.php?rest_route=\/wp\/v2\/pages\/50","targetHints":{"allow":["GET"]}}],"collection":[{"href":"https:\/\/meet-ukraine.de\/index.php?rest_route=\/wp\/v2\/pages"}],"about":[{"href":"https:\/\/meet-ukraine.de\/index.php?rest_route=\/wp\/v2\/types\/page"}],"author":[{"embeddable":true,"href":"https:\/\/meet-ukraine.de\/index.php?rest_route=\/wp\/v2\/users\/4"}],"replies":[{"embeddable":true,"href":"https:\/\/meet-ukraine.de\/index.php?rest_route=%2Fwp%2Fv2%2Fcomments&post=50"}],"version-history":[{"count":31,"href":"https:\/\/meet-ukraine.de\/index.php?rest_route=\/wp\/v2\/pages\/50\/revisions"}],"predecessor-version":[{"id":205,"href":"https:\/\/meet-ukraine.de\/index.php?rest_route=\/wp\/v2\/pages\/50\/revisions\/205"}],"wp:attachment":[{"href":"https:\/\/meet-ukraine.de\/index.php?rest_route=%2Fwp%2Fv2%2Fmedia&parent=50"}],"curies":[{"name":"wp","href":"https:\/\/api.w.org\/{rel}","templated":true}]}}